{"id":4452,"date":"2018-11-27T09:17:42","date_gmt":"2018-11-27T09:17:42","guid":{"rendered":"https:\/\/etapesetmisesenroute.fr\/index.php\/projects\/"},"modified":"2025-08-24T17:03:31","modified_gmt":"2025-08-24T15:03:31","slug":"projects","status":"publish","type":"page","link":"https:\/\/etapesetmisesenroute.fr\/index.php\/projects\/","title":{"rendered":"Qui sommes-nous ?"},"content":{"rendered":"\t\t<div data-elementor-type=\"wp-post\" data-elementor-id=\"4452\" class=\"elementor elementor-4452\">\n\t\t\t\t\t\t\t\t\t<section class=\"elementor-section elementor-top-section elementor-element elementor-element-244c5a5 elementor-section-content-middle elementor-section-full_width elementor-section-height-default elementor-section-height-default\" data-id=\"244c5a5\" data-element_type=\"section\">\n\t\t\t\t\t\t\t<div class=\"elementor-background-overlay\"><\/div>\n\t\t\t\t\t\t\t<div class=\"elementor-container elementor-column-gap-no\">\n\t\t\t\t\t<div class=\"elementor-column elementor-col-100 elementor-top-column elementor-element elementor-element-8d573ae\" data-id=\"8d573ae\" data-element_type=\"column\">\n\t\t\t<div class=\"elementor-widget-wrap\">\n\t\t\t\t\t\t\t\t\t<\/div>\n\t\t<\/div>\n\t\t\t\t\t\t\t<\/div>\n\t\t<\/section>\n\t\t\t\t<section class=\"elementor-section elementor-top-section elementor-element elementor-element-beaee42 elementor-section-boxed elementor-section-height-default elementor-section-height-default\" data-id=\"beaee42\" data-element_type=\"section\">\n\t\t\t\t\t\t<div class=\"elementor-container elementor-column-gap-default\">\n\t\t\t\t\t<div class=\"elementor-column elementor-col-100 elementor-top-column elementor-element elementor-element-809d3ff\" data-id=\"809d3ff\" data-element_type=\"column\">\n\t\t\t<div class=\"elementor-widget-wrap elementor-element-populated\">\n\t\t\t\t\t\t\t\t<div class=\"elementor-element elementor-element-3ccf982 elementor-widget elementor-widget-text-editor\" data-id=\"3ccf982\" data-element_type=\"widget\" data-widget_type=\"text-editor.default\">\n\t\t\t\t<div class=\"elementor-widget-container\">\n\t\t\t<style>\/*! elementor - v3.14.0 - 18-06-2023 *\/\n.elementor-widget-text-editor.elementor-drop-cap-view-stacked .elementor-drop-cap{background-color:#69727d;color:#fff}.elementor-widget-text-editor.elementor-drop-cap-view-framed .elementor-drop-cap{color:#69727d;border:3px solid;background-color:transparent}.elementor-widget-text-editor:not(.elementor-drop-cap-view-default) .elementor-drop-cap{margin-top:8px}.elementor-widget-text-editor:not(.elementor-drop-cap-view-default) .elementor-drop-cap-letter{width:1em;height:1em}.elementor-widget-text-editor .elementor-drop-cap{float:left;text-align:center;line-height:1;font-size:50px}.elementor-widget-text-editor .elementor-drop-cap-letter{display:inline-block}<\/style>\t\t\t\t<p class=\"MsoNormal\"><b>\u00c9tapes et Mises en Route (EMR)<\/b> est une association loi 1901 bas\u00e9e \u00e0 Lyon, qui promeut la formation-consultation aupr\u00e8s du grand public et des professionnels de l\u2019accompagnement.<\/p><p class=\"MsoNormal\">Notre mission repose sur deux axes compl\u00e9mentaires :<\/p><ul style=\"margin-top: 0cm;\" type=\"disc\"><li class=\"MsoNormal\"><b>Faire \u00e9tape<\/b> : prendre le temps de r\u00e9fl\u00e9chir, de partager et de se former sur des sujets engageants.<\/li><li class=\"MsoNormal\"><b>Mettre en route<\/b> : accompagner concr\u00e8tement des parcours de formation pour adultes, en proposant des rep\u00e8res, des m\u00e9thodes et des outils innovants.<\/li><\/ul><p class=\"MsoNormal\">Nous sommes une \u00e9quipe d\u2019une dizaine de professionnels de l\u2019accompagnement (psychologues, conseill\u00e8re conjugale, formateur, conseillers en insertion, consultants\u2026) qui se r\u00e9unissent r\u00e9guli\u00e8rement pour \u00e9changer sur leurs pratiques, tester de nouveaux outils et confronter leurs exp\u00e9riences. Chacun apporte son regard singulier, nourri par son parcours, pour enrichir la r\u00e9flexion collective et soutenir les pratiques des autres.<\/p><p class=\"MsoNormal\">Nos activit\u00e9s prennent plusieurs formes :<\/p><ul style=\"margin-top: 0cm;\" type=\"disc\"><li class=\"MsoNormal\"><b>Ateliers<\/b> : espaces d\u2019exp\u00e9rimentation et d\u2019entra\u00eenement autour d\u2019outils et de d\u00e9marches d\u2019accompagnement.<\/li><li class=\"MsoNormal\"><b>R\u00e9sidences<\/b> : temps de travail collectif pour d\u00e9velopper et affiner des m\u00e9thodes p\u00e9dagogiques avant de les proposer au public.<\/li><li class=\"MsoNormal\"><b>Rencontres ouvertes<\/b> : conf\u00e9rences, ateliers ou sessions th\u00e9matiques (gratuites ou sur don libre), qui permettent de d\u00e9couvrir, approfondir et \u00e9changer autour de sujets vari\u00e9s.<\/li><\/ul><p class=\"MsoNormal\">Notre d\u00e9marche repose sur trois principes : <b>proposer, tester et s\u2019appuyer sur les retours des autres pour avancer<\/b>. \u00catre acteur, pour nous, ce n\u2019est pas seulement proposer une id\u00e9e, c\u2019est aussi l\u2019accueillir, la questionner et en faire \u00e9voluer la pratique.<\/p><p class=\"MsoNormal\">Les points communs qui nous rassemblent :<\/p><ul style=\"margin-top: 0cm;\" type=\"disc\"><li class=\"MsoNormal\">Nous exer\u00e7ons (ou avons exerc\u00e9) une fonction d\u2019accompagnement.<\/li><li class=\"MsoNormal\">Nous savons qu\u2019un parcours se construit par \u00e9tapes successives, chacune ayant son importance.<\/li><li class=\"MsoNormal\">Nous consid\u00e9rons que le chemin professionnel et le chemin personnel sont li\u00e9s.<\/li><li class=\"MsoNormal\">Nous sommes convaincus que le collectif est une force pour d\u00e9velopper nos comp\u00e9tences.<\/li><\/ul><p class=\"MsoNormal\">Comme l\u2019\u00e9crivait d\u00e9j\u00e0 EMR en 1982 :<\/p><p class=\"MsoNormal\"><i>\u00ab D\u00e9velopper les capacit\u00e9s de ses associ\u00e9s et partenaires \u00e0 faire face aux multiples questions de fond qui se posent \u00e0 eux sur le chemin de leur vie.\u00a0<\/i><\/p>\t\t\t\t\t\t<\/div>\n\t\t\t\t<\/div>\n\t\t\t\t\t<\/div>\n\t\t<\/div>\n\t\t\t\t\t\t\t<\/div>\n\t\t<\/section>\n\t\t\t\t\t\t\t<\/div>\n\t\t","protected":false},"excerpt":{"rendered":"<p>\u00c9tapes et Mises en Route (EMR) est une association loi 1901 bas\u00e9e \u00e0 Lyon, qui promeut la formation-consultation aupr\u00e8s du grand public et des professionnels de l\u2019accompagnement. Notre mission repose sur deux axes compl\u00e9mentaires : Faire \u00e9tape : prendre le temps de r\u00e9fl\u00e9chir, de partager et de se former sur des sujets engageants. Mettre en &hellip;<\/p>\n<p class=\"read-more\"> <a class=\"\" href=\"https:\/\/etapesetmisesenroute.fr\/index.php\/projects\/\"> <span class=\"screen-reader-text\">Qui sommes-nous ?<\/span> Lire la suite\u00a0\u00bb<\/a><\/p>\n","protected":false},"author":1,"featured_media":0,"parent":0,"menu_order":0,"comment_status":"closed","ping_status":"closed","template":"","meta":{"site-sidebar-layout":"no-sidebar","site-content-layout":"page-builder","ast-global-header-display":"","ast-banner-title-visibility":"","ast-main-header-display":"","ast-hfb-above-header-display":"","ast-hfb-below-header-display":"","ast-hfb-mobile-header-display":"","site-post-title":"disabled","ast-breadcrumbs-content":"","ast-featured-img":"disabled","footer-sml-layout":"","theme-transparent-header-meta":"enabled","adv-header-id-meta":"","stick-header-meta":"","header-above-stick-meta":"","header-main-stick-meta":"","header-below-stick-meta":"","footnotes":""},"class_list":["post-4452","page","type-page","status-publish","hentry"],"_links":{"self":[{"href":"https:\/\/etapesetmisesenroute.fr\/index.php\/wp-json\/wp\/v2\/pages\/4452","targetHints":{"allow":["GET"]}}],"collection":[{"href":"https:\/\/etapesetmisesenroute.fr\/index.php\/wp-json\/wp\/v2\/pages"}],"about":[{"href":"https:\/\/etapesetmisesenroute.fr\/index.php\/wp-json\/wp\/v2\/types\/page"}],"author":[{"embeddable":true,"href":"https:\/\/etapesetmisesenroute.fr\/index.php\/wp-json\/wp\/v2\/users\/1"}],"replies":[{"embeddable":true,"href":"https:\/\/etapesetmisesenroute.fr\/index.php\/wp-json\/wp\/v2\/comments?post=4452"}],"version-history":[{"count":68,"href":"https:\/\/etapesetmisesenroute.fr\/index.php\/wp-json\/wp\/v2\/pages\/4452\/revisions"}],"predecessor-version":[{"id":4680,"href":"https:\/\/etapesetmisesenroute.fr\/index.php\/wp-json\/wp\/v2\/pages\/4452\/revisions\/4680"}],"wp:attachment":[{"href":"https:\/\/etapesetmisesenroute.fr\/index.php\/wp-json\/wp\/v2\/media?parent=4452"}],"curies":[{"name":"wp","href":"https:\/\/api.w.org\/{rel}","templated":true}]}}